{"id":21,"date":"2020-05-20T11:03:00","date_gmt":"2020-05-20T14:03:00","guid":{"rendered":"http:\/\/dullafoto.com.br\/beta\/?page_id=21"},"modified":"2020-11-29T06:13:47","modified_gmt":"2020-11-29T08:13:47","slug":"pagina-inicial","status":"publish","type":"page","link":"https:\/\/dullafoto.com.br\/beta\/pagina-inicial\/","title":{"rendered":"Sobre"},"content":{"rendered":"\n<div class=\"wp-block-media-text alignwide is-stacked-on-mobile\"><figure class=\"wp-block-media-text__media\"><img decoding=\"async\" loading=\"lazy\" width=\"356\" height=\"488\" src=\"http:\/\/dullafoto.com.br\/beta\/wp-content\/uploads\/2020\/11\/Dulla_retrato-0103-e1606637413103.jpg\" alt=\"\" class=\"wp-image-409\" srcset=\"https:\/\/dullafoto.com.br\/beta\/wp-content\/uploads\/2020\/11\/Dulla_retrato-0103-e1606637413103.jpg 356w, https:\/\/dullafoto.com.br\/beta\/wp-content\/uploads\/2020\/11\/Dulla_retrato-0103-e1606637413103-219x300.jpg 219w\" sizes=\"(max-width: 356px) 100vw, 356px\" \/><\/figure><div class=\"wp-block-media-text__content\">\n<p class=\"has-drop-cap\">Sou fot\u00f3grafo ou gostaria de ser, acho que desde sempre.<br>Estar no est\u00fadio atr\u00e1s de uma c\u00e2mera me desafia, alegra e diverte.<br>Ali reencontro e descubro novos amigos, outras id\u00e9ias e caminhos, \u00e9 um bom lugar e isso tamb\u00e9m foi desde sempre.<br>No in\u00edcio, como assistente, tive a sorte e a honra de acompanhar alguns dos meus \u00eddolos da fotografia, Willy Biondani, Miro, Moa Sitibaldi, Cl\u00e1udio Elisabetsky e Klaus Mitteldorf, generosos e queridos mestres.<br>Depois fotografando, conheci e continuo encontrando outras tantas pessoas admir\u00e1veis e queridas, tamb\u00e9m devidamente abra\u00e7adas nos <a href=\"http:\/\/dullafoto.com.br\/beta\/agradecimentos-2\/\">agradecimentos<\/a>.\u00a0<br>Agrade\u00e7o tamb\u00e9m a voc\u00ea, por estar aqui e espero que goste desses trabalhos.<\/p>\n<\/div><\/div>\n","protected":false},"excerpt":{"rendered":"<p>Sou fot\u00f3grafo ou gostaria de ser, acho que desde sempre.Estar no est\u00fadio atr\u00e1s de uma c\u00e2mera me desafia, alegra e diverte.Ali reencontro e descubro novos amigos, outras id\u00e9ias e caminhos, \u00e9 um bom lugar e isso tamb\u00e9m foi desde sempre.No in\u00edcio, como assistente, tive a sorte e a honra de acompanhar alguns dos meus \u00eddolos &hellip; <\/p>\n<p class=\"link-more\"><a href=\"https:\/\/dullafoto.com.br\/beta\/pagina-inicial\/\" class=\"more-link\">Continue lendo<span class=\"screen-reader-text\"> &#8220;Sobre&#8221;<\/span><\/a><\/p>\n","protected":false},"author":1,"featured_media":0,"parent":0,"menu_order":0,"comment_status":"closed","ping_status":"closed","template":"template-home.php","meta":{"pgc_sgb_lightbox_settings":""},"_links":{"self":[{"href":"https:\/\/dullafoto.com.br\/beta\/wp-json\/wp\/v2\/pages\/21"}],"collection":[{"href":"https:\/\/dullafoto.com.br\/beta\/wp-json\/wp\/v2\/pages"}],"about":[{"href":"https:\/\/dullafoto.com.br\/beta\/wp-json\/wp\/v2\/types\/page"}],"author":[{"embeddable":true,"href":"https:\/\/dullafoto.com.br\/beta\/wp-json\/wp\/v2\/users\/1"}],"replies":[{"embeddable":true,"href":"https:\/\/dullafoto.com.br\/beta\/wp-json\/wp\/v2\/comments?post=21"}],"version-history":[{"count":17,"href":"https:\/\/dullafoto.com.br\/beta\/wp-json\/wp\/v2\/pages\/21\/revisions"}],"predecessor-version":[{"id":597,"href":"https:\/\/dullafoto.com.br\/beta\/wp-json\/wp\/v2\/pages\/21\/revisions\/597"}],"wp:attachment":[{"href":"https:\/\/dullafoto.com.br\/beta\/wp-json\/wp\/v2\/media?parent=21"}],"curies":[{"name":"wp","href":"https:\/\/api.w.org\/{rel}","templated":true}]}}